{"id":6532,"date":"2023-12-22T09:08:44","date_gmt":"2023-12-22T08:08:44","guid":{"rendered":"https:\/\/povprasevanje.pvcnagode.si\/?page_id=6532"},"modified":"2023-12-22T09:08:45","modified_gmt":"2023-12-22T08:08:45","slug":"politika-zasebnosti","status":"publish","type":"page","link":"https:\/\/povprasevanje.pvcnagode.si\/?page_id=6532","title":{"rendered":"Politika zasebnosti"},"content":{"rendered":"\n<p><strong>Politika zasebnosti za PVC Nagode d.o.o.<\/strong><\/p>\n\n\n\n<p><em>Tr\u017ea\u0161ka cesta 87A, Postojna, Slovenija<\/em><\/p>\n\n\n\n<p><em>Zadnja posodobitev: <\/em>22.12.2023<\/p>\n\n\n\n<p><strong>1. Uvod<\/strong> PVC Nagode d.o.o. (v nadaljevanju &#8220;mi&#8221;, &#8220;nas&#8221; ali &#8220;na\u0161e&#8221;) spo\u0161tuje va\u0161o zasebnost in se zavezuje k varovanju va\u0161ih osebnih podatkov. Ta politika zasebnosti opisuje, kako zbiramo, uporabljamo, obdelujemo in \u0161\u010ditimo osebne podatke, ki jih zberemo preko na\u0161ega spletnega mesta [<a href=\"https:\/\/povprasevanje.pvcnagode.si\/\">https:\/\/povprasevanje.pvcnagode.si<\/a>] (v nadaljevanju &#8220;spletno mesto&#8221;).<\/p>\n\n\n\n<p><strong>2. Kateri osebni podatki se zbirajo in kako se uporabljajo<\/strong><\/p>\n\n\n\n<ul class=\"wp-block-list\">\n<li><strong>Podatki, ki jih zagotovite<\/strong>: Zbiramo osebne podatke, ki nam jih posredujete, na primer ob registraciji, oddaji povpra\u0161evanja, naro\u010dilu ali pri komunikaciji z nami. Ti podatki lahko vklju\u010dujejo va\u0161e ime, e-po\u0161tni naslov, telefonsko \u0161tevilko in druge podatke, ki jih vnesete v obrazce na spletnem mestu.<\/li>\n\n\n\n<li><strong>Podatki, zbrani avtomatsko<\/strong>: Ko obi\u0161\u010dete na\u0161e spletno mesto, lahko samodejno zberemo dolo\u010dene informacije, kot so va\u0161 IP naslov, vrsta brskalnika, operacijski sistem, referen\u010dna URL naslova in podatki o va\u0161i uporabi spletnega mesta.<\/li>\n<\/ul>\n\n\n\n<p><strong>3. Nameni uporabe podatkov<\/strong> Va\u0161e osebne podatke uporabljamo za:<\/p>\n\n\n\n<ul class=\"wp-block-list\">\n<li>obdelavo va\u0161ih povpra\u0161evanj in naro\u010dil,<\/li>\n\n\n\n<li>komunikacijo z vami,<\/li>\n\n\n\n<li>izbolj\u0161anje na\u0161ih storitev in spletnega mesta,<\/li>\n\n\n\n<li>marketin\u0161ke namene, \u010de ste to izrecno dovolili.<\/li>\n<\/ul>\n\n\n\n<p><strong>4. Deljenje in razkrivanje podatkov<\/strong> Va\u0161ih osebnih podatkov ne prodajamo, izmenjujemo ali oddajamo tretjim strankam, razen kot je to potrebno za izpolnitev zahtevanega servisa ali transakcije, ali \u010de to zahteva zakon.<\/p>\n\n\n\n<p><strong>5. Va\u0161e pravice<\/strong> Imate pravico dostopa do svojih podatkov, njihovega popravka, izbrisa, omejitve obdelave in pravico do prenosljivosti podatkov. Prav tako imate pravico vlo\u017eiti ugovor proti obdelavi va\u0161ih podatkov.<\/p>\n\n\n\n<p><strong>6. Varnost podatkov<\/strong> Zavezani smo k za\u0161\u010diti va\u0161ih osebnih podatkov. Uporabljamo ustrezne tehni\u010dne in organizacijske ukrepe za za\u0161\u010dito podatkov pred nepoobla\u0161\u010denim dostopom, spremembo, razkritjem ali uni\u010denjem.<\/p>\n\n\n\n<p><strong>7. Spremembe politike zasebnosti<\/strong> Ta politika zasebnosti se lahko ob\u010dasno posodobi. O vseh pomembnih spremembah vas bomo obvestili na na\u0161em spletnem mestu ali preko e-po\u0161te.<\/p>\n\n\n\n<p><strong>8. Kontakt<\/strong> Za vsa vpra\u0161anja ali pomisleke v zvezi z na\u0161o politiko zasebnosti, se obrnite na nas preko e-po\u0161te na [vstavite kontaktni e-mail] ali po po\u0161ti na naslov: Tr\u017ea\u0161ka cesta 87A, Postojna, Slovenija.<\/p>\n","protected":false},"excerpt":{"rendered":"<p>Politika zasebnosti za PVC Nagode d.o.o. Tr\u017ea\u0161ka cesta 87A, Postojna, Slovenija Zadnja posodobitev: 22.12.2023 1. Uvod PVC Nagode d.o.o. (v nadaljevanju &#8220;mi&#8221;, &#8220;nas&#8221; ali &#8220;na\u0161e&#8221;) spo\u0161tuje va\u0161o zasebnost in se zavezuje k varovanju va\u0161ih osebnih podatkov. Ta politika zasebnosti opisuje, kako zbiramo, uporabljamo, obdelujemo in \u0161\u010ditimo osebne podatke, ki jih zberemo preko na\u0161ega spletnega mesta&#8230; <\/p>\n<div class=\"clear\"><\/div>\n<p><a href=\"https:\/\/povprasevanje.pvcnagode.si\/?page_id=6532\" class=\"excerpt-read-more\">Learn More<i class=\"fa fa-angle-double-right icon-double-angle-right\"><\/i><\/a><\/p>\n","protected":false},"author":2,"featured_media":0,"parent":6514,"menu_order":0,"comment_status":"closed","ping_status":"closed","template":"","meta":{"footnotes":""},"class_list":["post-6532","page","type-page","status-publish","hentry"],"_links":{"self":[{"href":"https:\/\/povprasevanje.pvcnagode.si\/index.php?rest_route=\/wp\/v2\/pages\/6532","targetHints":{"allow":["GET"]}}],"collection":[{"href":"https:\/\/povprasevanje.pvcnagode.si\/index.php?rest_route=\/wp\/v2\/pages"}],"about":[{"href":"https:\/\/povprasevanje.pvcnagode.si\/index.php?rest_route=\/wp\/v2\/types\/page"}],"author":[{"embeddable":true,"href":"https:\/\/povprasevanje.pvcnagode.si\/index.php?rest_route=\/wp\/v2\/users\/2"}],"replies":[{"embeddable":true,"href":"https:\/\/povprasevanje.pvcnagode.si\/index.php?rest_route=%2Fwp%2Fv2%2Fcomments&post=6532"}],"version-history":[{"count":2,"href":"https:\/\/povprasevanje.pvcnagode.si\/index.php?rest_route=\/wp\/v2\/pages\/6532\/revisions"}],"predecessor-version":[{"id":6534,"href":"https:\/\/povprasevanje.pvcnagode.si\/index.php?rest_route=\/wp\/v2\/pages\/6532\/revisions\/6534"}],"up":[{"embeddable":true,"href":"https:\/\/povprasevanje.pvcnagode.si\/index.php?rest_route=\/wp\/v2\/pages\/6514"}],"wp:attachment":[{"href":"https:\/\/povprasevanje.pvcnagode.si\/index.php?rest_route=%2Fwp%2Fv2%2Fmedia&parent=6532"}],"curies":[{"name":"wp","href":"https:\/\/api.w.org\/{rel}","templated":true}]}}