{"id":6526,"date":"2023-12-22T09:06:06","date_gmt":"2023-12-22T08:06:06","guid":{"rendered":"https:\/\/povprasevanje.pvcnagode.si\/?page_id=6526"},"modified":"2023-12-22T09:06:07","modified_gmt":"2023-12-22T08:06:07","slug":"izbris-osebnih-podatkov","status":"publish","type":"page","link":"https:\/\/povprasevanje.pvcnagode.si\/?page_id=6526","title":{"rendered":"Izbris osebnih podatkov"},"content":{"rendered":"\n<p>\u010ce \u017eelite, da izbri\u0161emo va\u0161e osebne podatke, ki so shranjeni na na\u0161i spletni strani, vas prosimo, da izpolnite spodnji obrazec.&nbsp;<\/p>\n\n\n\n<a class=\"wordpress-gdpr-back-link\" href=\"https:\/\/povprasevanje.pvcnagode.si\/?page_id=6514\">&larr; Vrni se na center zasebnosti<\/a><form action=\"\/index.php?rest_route=%2Fwp%2Fv2%2Fpages%2F6526\" class=\"wordpress-gdpr-form wordpress-gdpr-form-forget-me\" method=\"post\"><input type=\"hidden\" name=\"wordpress_gdpr_form_type\" value=\"forget-me\"><div class=\"form-group\"><label for=\"gdpr_firstname\">Va\u0161e ime (*)<\/label><input class=\"form-control\" type=\"text\" name=\"gdpr_firstname\" value=\"\" required \/><\/div><div class=\"form-group\"><label for=\"gdpr_lastname\">Va\u0161 priimek (*)<\/label><input class=\"form-control\" type=\"text\" name=\"gdpr_lastname\" value=\"\" required \/><\/div><div class=\"form-group\"><label for=\"gdpr_email\">Va\u0161a E-po\u0161ta (*)<\/label><input class=\"form-control\" type=\"email\" name=\"gdpr_email\" value=\"\" required \/><\/div><div class=\"form-group\"><label for=\"gdpr_terms\"><input id=\"gdpr_terms\" class=\"form-control\" type=\"checkbox\" name=\"gdpr_terms\" value=\"1\" required \/><span class=\"gdpr-accept-conditiones-text\">Strinjam se s politiko zasebnosti in da se lahko moji podatki shranijo za zahtevo GDPR.<\/span><\/label><\/div><input type=\"submit\" name=\"gdpr_submitted\" value=\"Po\u0161lji\"\/><\/form>\n","protected":false},"excerpt":{"rendered":"<p>\u010ce \u017eelite, da izbri\u0161emo va\u0161e osebne podatke, ki so shranjeni na na\u0161i spletni strani, vas prosimo, da izpolnite spodnji obrazec.&nbsp; &nbsp;<\/p>\n","protected":false},"author":2,"featured_media":0,"parent":6514,"menu_order":0,"comment_status":"closed","ping_status":"closed","template":"","meta":{"footnotes":""},"class_list":["post-6526","page","type-page","status-publish","hentry"],"_links":{"self":[{"href":"https:\/\/povprasevanje.pvcnagode.si\/index.php?rest_route=\/wp\/v2\/pages\/6526","targetHints":{"allow":["GET"]}}],"collection":[{"href":"https:\/\/povprasevanje.pvcnagode.si\/index.php?rest_route=\/wp\/v2\/pages"}],"about":[{"href":"https:\/\/povprasevanje.pvcnagode.si\/index.php?rest_route=\/wp\/v2\/types\/page"}],"author":[{"embeddable":true,"href":"https:\/\/povprasevanje.pvcnagode.si\/index.php?rest_route=\/wp\/v2\/users\/2"}],"replies":[{"embeddable":true,"href":"https:\/\/povprasevanje.pvcnagode.si\/index.php?rest_route=%2Fwp%2Fv2%2Fcomments&post=6526"}],"version-history":[{"count":2,"href":"https:\/\/povprasevanje.pvcnagode.si\/index.php?rest_route=\/wp\/v2\/pages\/6526\/revisions"}],"predecessor-version":[{"id":6528,"href":"https:\/\/povprasevanje.pvcnagode.si\/index.php?rest_route=\/wp\/v2\/pages\/6526\/revisions\/6528"}],"up":[{"embeddable":true,"href":"https:\/\/povprasevanje.pvcnagode.si\/index.php?rest_route=\/wp\/v2\/pages\/6514"}],"wp:attachment":[{"href":"https:\/\/povprasevanje.pvcnagode.si\/index.php?rest_route=%2Fwp%2Fv2%2Fmedia&parent=6526"}],"curies":[{"name":"wp","href":"https:\/\/api.w.org\/{rel}","templated":true}]}}