{"id":6520,"date":"2023-12-22T09:02:30","date_gmt":"2023-12-22T08:02:30","guid":{"rendered":"https:\/\/povprasevanje.pvcnagode.si\/?page_id=6520"},"modified":"2023-12-22T09:02:31","modified_gmt":"2023-12-22T08:02:31","slug":"o-piskotkih","status":"publish","type":"page","link":"https:\/\/povprasevanje.pvcnagode.si\/?page_id=6520","title":{"rendered":"O pi\u0161kotkih"},"content":{"rendered":"\n<p><em>Zadnja posodobitev: 22.12.2023<\/em><\/p>\n\n\n\n<p><strong>1. Kaj so pi\u0161kotki?<\/strong> Pi\u0161kotki so majhne besedilne datoteke, ki se ob obisku spletnega mesta shranijo na va\u0161em ra\u010dunalniku ali mobilni napravi. Omogo\u010dajo spletnemu mestu, da si zapomni va\u0161a dejanja in nastavitve (kot so prijava, jezik, velikost pisave in druge prikazne preference) za dolo\u010den \u010das, tako da vam jih ni treba znova vna\u0161ati, ko se vrnete na spletno mesto ali brskate od ene strani do druge.<\/p>\n\n\n\n<p><strong>2. Kako uporabljamo pi\u0161kotke?<\/strong> Na na\u0161em spletnem mestu uporabljamo pi\u0161kotke za izbolj\u0161anje uporabni\u0161ke izku\u0161nje, analizo prometa in personalizacijo vsebine ter oglasov. Nekateri pi\u0161kotki so nujno potrebni za delovanje spletnega mesta, drugi pa nam pomagajo izbolj\u0161ati va\u0161o izku\u0161njo z zbiranjem podatkov o uporabi.<\/p>\n\n\n\n<p><strong>3. Va\u0161a izbira in nadzor nad pi\u0161kotki<\/strong> Imate pravico izbrati, katere pi\u0161kotke dovolite. Ob va\u0161em prvem obisku spletnega mesta vas bomo prosili za dovoljenje za uporabo pi\u0161kotkov. Prav tako lahko nastavitve pi\u0161kotkov kadarkoli spremenite v nastavitvah brskalnika. Vendar pa lahko onemogo\u010danje nekaterih pi\u0161kotkov vpliva na delovanje spletnega mesta.<\/p>\n\n\n\n<p><strong>4. Vrste pi\u0161kotkov, ki jih uporabljamo<\/strong><\/p>\n\n\n\n<ul class=\"wp-block-list\">\n<li><strong>Nujno potrebni pi\u0161kotki<\/strong>: Ti pi\u0161kotki so nujni za delovanje spletnega mesta in brez njih spletno mesto ne bi delovalo pravilno.<\/li>\n\n\n\n<li><strong>Analiti\u010dni pi\u0161kotki<\/strong>: Ti pi\u0161kotki nam pomagajo razumeti, kako uporabniki uporabljajo na\u0161e spletno mesto.<\/li>\n\n\n\n<li><strong>Funkcionalni pi\u0161kotki<\/strong>: Ti pi\u0161kotki omogo\u010dajo spletnemu mestu, da si zapomni va\u0161e izbrane nastavitve.<\/li>\n\n\n\n<li><strong>Ciljni ali ogla\u0161evalski pi\u0161kotki<\/strong>: Ti pi\u0161kotki se uporabljajo za prikazovanje relevantnih oglasov za vas.<\/li>\n<\/ul>\n\n\n\n<p><strong>5. Politika zasebnosti<\/strong> Za ve\u010d informacij o tem, kako ravnamo z va\u0161imi osebnimi podatki, obi\u0161\u010dite na\u0161o [Politiko zasebnosti].<\/p>\n\n\n\n<p><strong>6. Spremembe te politike<\/strong> Ob\u010dasno lahko posodobimo to politiko o pi\u0161kotkih. O vseh spremembah vas bomo obvestili na na\u0161em spletnem mestu.<\/p>\n\n\n\n<p><strong>7. Kontakt<\/strong> \u010ce imate kakr\u0161na koli vpra\u0161anja glede uporabe pi\u0161kotkov na na\u0161em spletnem mestu, nas prosimo kontaktirajte na salon.po@pvcnagode.si.<\/p>\n","protected":false},"excerpt":{"rendered":"<p>Zadnja posodobitev: 22.12.2023 1. Kaj so pi\u0161kotki? Pi\u0161kotki so majhne besedilne datoteke, ki se ob obisku spletnega mesta shranijo na va\u0161em ra\u010dunalniku ali mobilni napravi. Omogo\u010dajo spletnemu mestu, da si zapomni va\u0161a dejanja in nastavitve (kot so prijava, jezik, velikost pisave in druge prikazne preference) za dolo\u010den \u010das, tako da vam jih ni treba znova&#8230; <\/p>\n<div class=\"clear\"><\/div>\n<p><a href=\"https:\/\/povprasevanje.pvcnagode.si\/?page_id=6520\" class=\"excerpt-read-more\">Learn More<i class=\"fa fa-angle-double-right icon-double-angle-right\"><\/i><\/a><\/p>\n","protected":false},"author":2,"featured_media":0,"parent":6514,"menu_order":0,"comment_status":"closed","ping_status":"closed","template":"","meta":{"footnotes":""},"class_list":["post-6520","page","type-page","status-publish","hentry"],"_links":{"self":[{"href":"https:\/\/povprasevanje.pvcnagode.si\/index.php?rest_route=\/wp\/v2\/pages\/6520","targetHints":{"allow":["GET"]}}],"collection":[{"href":"https:\/\/povprasevanje.pvcnagode.si\/index.php?rest_route=\/wp\/v2\/pages"}],"about":[{"href":"https:\/\/povprasevanje.pvcnagode.si\/index.php?rest_route=\/wp\/v2\/types\/page"}],"author":[{"embeddable":true,"href":"https:\/\/povprasevanje.pvcnagode.si\/index.php?rest_route=\/wp\/v2\/users\/2"}],"replies":[{"embeddable":true,"href":"https:\/\/povprasevanje.pvcnagode.si\/index.php?rest_route=%2Fwp%2Fv2%2Fcomments&post=6520"}],"version-history":[{"count":2,"href":"https:\/\/povprasevanje.pvcnagode.si\/index.php?rest_route=\/wp\/v2\/pages\/6520\/revisions"}],"predecessor-version":[{"id":6522,"href":"https:\/\/povprasevanje.pvcnagode.si\/index.php?rest_route=\/wp\/v2\/pages\/6520\/revisions\/6522"}],"up":[{"embeddable":true,"href":"https:\/\/povprasevanje.pvcnagode.si\/index.php?rest_route=\/wp\/v2\/pages\/6514"}],"wp:attachment":[{"href":"https:\/\/povprasevanje.pvcnagode.si\/index.php?rest_route=%2Fwp%2Fv2%2Fmedia&parent=6520"}],"curies":[{"name":"wp","href":"https:\/\/api.w.org\/{rel}","templated":true}]}}